{"id":804,"date":"2019-11-07T18:44:07","date_gmt":"2019-11-07T18:44:07","guid":{"rendered":"https:\/\/md.herbion.com\/?page_id=804"},"modified":"2024-08-20T10:28:43","modified_gmt":"2024-08-20T10:28:43","slug":"farmacovigilenta","status":"publish","type":"page","link":"https:\/\/md.herbion.com\/ro\/farmacovigilenta\/","title":{"rendered":"Farmacovigilen\u021b\u0103"},"content":{"rendered":"<p><span data-contrast=\"auto\">Compania Herbion monitorizeaz\u0103 continuu siguran\u021ba tuturor produselor, at\u00e2t \u00een faza de dezvoltare, c\u00e2t \u0219i \u00een etapa de utilizare \u00een practica medical\u0103.<\/span><span data-ccp-props=\"{&quot;201341983&quot;:0,&quot;335559739&quot;:0,&quot;335559740&quot;:240}\">\u00a0<\/span><\/p>\n<p><span data-contrast=\"auto\">Colectarea informa\u021biilor privind siguran\u021ba permite companiei s\u0103 ob\u021bin\u0103 \u0219i s\u0103 ofere pacien\u021bilor \u0219i medicilor cele mai complete \u0219i fiabile date despre profilul de siguran\u021b\u0103 al medicamentului.<\/span><span data-ccp-props=\"{&quot;201341983&quot;:0,&quot;335559739&quot;:0,&quot;335559740&quot;:240}\">\u00a0<\/span><\/p>\n<p><span data-contrast=\"auto\">Compania Herbion colecteaz\u0103 informa\u021bii privind siguran\u021ba, le proceseaz\u0103 \u0219i analizeaz\u0103 \u0219i le aduce la cuno\u0219tin\u021ba autorit\u0103\u021bilor de reglementare \u0219i a medicilor.<\/span><span data-ccp-props=\"{&quot;201341983&quot;:0,&quot;335559739&quot;:0,&quot;335559740&quot;:240}\">\u00a0<\/span><\/p>\n<p><span data-contrast=\"auto\">Dac\u0103 a\u021bi aflat despre efecte adverse care au ap\u0103rut \u00een timpul utiliz\u0103rii produselor companiei Herbion, sau dac\u0103 ave\u021bi reclama\u021bii sau \u00eentreb\u0103ri privind calitatea produselor \u0219i\/sau instruc\u021biunile de utilizare, v\u0103 rug\u0103m s\u0103 ne informa\u021bi la adresa de e-mail: info.pk@herbion.com cu men\u021biunea \u201eDespre siguran\u021ba utiliz\u0103rii produselor\u201d.\u00a0<\/span><span data-ccp-props=\"{&quot;201341983&quot;:0,&quot;335559739&quot;:0,&quot;335559740&quot;:240}\">\u00a0<\/span><\/p>\n<p><span data-ccp-props=\"{&quot;201341983&quot;:0,&quot;335559739&quot;:0,&quot;335559740&quot;:240}\">\u00a0<\/span><\/p>\n<p><span data-ccp-props=\"{&quot;201341983&quot;:0,&quot;335559739&quot;:0,&quot;335559740&quot;:240}\">\u00a0<\/span><\/p>\n<p><span data-ccp-props=\"{&quot;201341983&quot;:0,&quot;335559739&quot;:0,&quot;335559740&quot;:240}\">\u00a0<\/span><\/p>\n","protected":false},"excerpt":{"rendered":"<p>Compania Herbion monitorizeaz\u0103 continuu siguran\u021ba tuturor produselor, at\u00e2t \u00een faza de dezvoltare, c\u00e2t \u0219i \u00een etapa de utilizare \u00een practica<\/p>\n","protected":false},"author":69,"featured_media":0,"parent":0,"menu_order":0,"comment_status":"closed","ping_status":"closed","template":"","meta":[],"_links":{"self":[{"href":"https:\/\/md.herbion.com\/ro\/wp-json\/wp\/v2\/pages\/804"}],"collection":[{"href":"https:\/\/md.herbion.com\/ro\/wp-json\/wp\/v2\/pages"}],"about":[{"href":"https:\/\/md.herbion.com\/ro\/wp-json\/wp\/v2\/types\/page"}],"author":[{"embeddable":true,"href":"https:\/\/md.herbion.com\/ro\/wp-json\/wp\/v2\/users\/69"}],"replies":[{"embeddable":true,"href":"https:\/\/md.herbion.com\/ro\/wp-json\/wp\/v2\/comments?post=804"}],"version-history":[{"count":3,"href":"https:\/\/md.herbion.com\/ro\/wp-json\/wp\/v2\/pages\/804\/revisions"}],"predecessor-version":[{"id":1459,"href":"https:\/\/md.herbion.com\/ro\/wp-json\/wp\/v2\/pages\/804\/revisions\/1459"}],"wp:attachment":[{"href":"https:\/\/md.herbion.com\/ro\/wp-json\/wp\/v2\/media?parent=804"}],"curies":[{"name":"wp","href":"https:\/\/api.w.org\/{rel}","templated":true}]}}