{"id":810,"date":"2019-11-07T18:53:06","date_gmt":"2019-11-07T18:53:06","guid":{"rendered":"https:\/\/md.herbion.com\/?page_id=810"},"modified":"2019-11-07T18:53:06","modified_gmt":"2019-11-07T18:53:06","slug":"despre-companie","status":"publish","type":"page","link":"https:\/\/md.herbion.com\/ro\/despre-companie\/","title":{"rendered":"Despre companie"},"content":{"rendered":"<p>Herbion International este o companie farmaceutic\u0103 \u00een plin\u0103 expansiune, care a fost \u00eenfiin\u021bat\u0103 \u00een 1983 \u0219i se concentreaz\u0103 pe cercetarea inovatoare pentru elaborarea de preparate vegetale naturale de \u00eenalt\u0103 calitate. Scopul companiei este de a elabora, fabrica \u0219i furniza pe pia\u021ba farmaceutic\u0103 a preparatelor de calitate, eficiente, f\u0103r\u0103 aditivi chimici.<\/p>\n<p>\u00cen calitate de dezvoltator principal \u00een domeniul s\u0103n\u0103t\u0103\u021bii, compania Herbion este dedicat\u0103 dorin\u021bei sale de a avea un impact semnificativ asupra calit\u0103\u021bii vie\u021bii oamenilor, deschiz\u00e2nd ne\u00eencetat, dezvolt\u00e2nd \u0219i oferind preparate inovatoare pe baz\u0103 de plante. \u00cen 35 de ani de activitate, am reu\u0219it s\u0103 ne extindem activitatea \u00een 21 de \u021b\u0103ri ale lumii. C\u0103tre anul 1997, Herbion a ie\u0219it peste hotarele Pakistanului \u0219i \u0219i-a \u00eenceput activitatea de marketing \u0219i comer\u021b \u00een \u021b\u0103rile Comunit\u0103\u021bii Statelor Independente (CSI), adic\u0103 \u00een \u021b\u0103rile fostei Uniuni Sovietice. Extinz\u00e2nd treptat prezen\u021ba sa de afaceri \u00een \u00eentreaga CSI, compania a \u00eenceput s\u0103 ocupe cu succes pozi\u021bia aceasta \u0219i \u00een alte regiuni, cum ar fi Europa de Est, Orientul \u00cendep\u0103rtat \u0219i America de Nord. P\u00e2n\u0103 \u00een prezent, preparatele noastre sunt prezentate \u00een 4 regiuni de pe 3 continente.<\/p>\n<p>Cu mai mult de 50 de produse, nu ne oprim aici, ci, cre\u00e2nd noi produse vegetale naturale, \u00een continu\u0103 \u00eembun\u0103t\u0103\u021bire, continu\u0103m s\u0103 ne \u00eendeplinim misiunea de a avea grij\u0103 de s\u0103n\u0103tatea popula\u021biei planetei.\u00a0Acord\u0103m o aten\u021bie deosebit\u0103 lucrului cu profesioni\u0219tii: medici \u0219i farmaci\u0219ti. Aceast\u0103 abordare de perspectiv\u0103 reprezint\u0103 for\u021ba motrice din spatele cre\u0219terii rapide a \u201dHerbionului\u201d la nivelul uneia dintre cele mai importante companii din lume, cu un milion de consumatori recunosc\u0103tori.<\/p>\n<p>Preparatele Herbion vizeaz\u0103 tratarea unor astfel de probleme, cum ar fi: tratamentul simptomatic al r\u0103celii, tusei \u0219i gripei, s\u0103n\u0103tatea sexual\u0103 masculin\u0103, problemele digestive, hepatice. Siguran\u021ba tuturor produselor noastre este asigurat\u0103 de o compozi\u021bie optim echilibrat\u0103 cu utilizarea extractelor naturale, evit\u00e2nd cu stricte\u021be utilizarea oric\u0103ror substan\u021be chimice nocive.<\/p>\n<p>Crearea de preparate pe baz\u0103 de plante este o art\u0103 \u00eenr\u0103d\u0103cinat\u0103 \u00een trecutul \u00eendep\u0103rtat. Preparatele &#8220;Herbion&#8221; sunt create conform re\u021betelor ayurvedice tradi\u021bionale. Baz\u00e2ndu-ne pe experien\u021ba \u0219i tradi\u021biile milenar\u0103, cre\u0103m medicamente moderne cu utilizarea\u00a0 tehnologiilor avansate. Este o sintez\u0103 a tradi\u021biilor \u0219i a tehnologiei.<\/p>\n<p>Compania Herbion se ocup\u0103 \u00een mod constant de calitatea produselor sale la toate etapele procesului de produc\u021bie, de la materia prim\u0103 la produsul finit. Mijloacele de produc\u021bie \u0219i calitatea medicamentelor produse respect\u0103 standardele interna\u021bionale GMP. La producere a fost creat departamentul de control al calit\u0103\u021bii, \u00een care sunt implica\u021bi speciali\u0219ti de calificare \u00eenalt\u0103, sunt disponibile toate echipamentele necesare, fapt care permite controlul constant \u0219i eficient al calit\u0103\u021bii \u0219i standardiz\u0103rii.<\/p>\n<p>La produc\u021bie se utilizeaz\u0103 echipamente actualizate continuu \u0219i tehnologii moderne de \u00eenalt\u0103 calitate a proceselor de produc\u021bie. Disponibilitatea software-ului garanteaz\u0103, de asemenea, executarea \u00een timp util \u0219i calitativ a tuturor opera\u021biunilor de produc\u021bie.<\/p>\n<p>Compania dispune de un sistem modern, bine echipat \u0219i automatizat de extrac\u021bie a plantelor medicinale. Pentru a p\u0103stra componentele active ale extractelor lichide din plantele medicinale, se efectueaz\u0103 uscarea \u00een vid.<\/p>\n<p>Datorit\u0103 controlului constant la fiecare etap\u0103 a procesului tehnologic, compania garanteaz\u0103 o calitate excelent\u0103 a medicamentelor eliberate, ceea ce permite atingerea scopului s\u0103u principal, adic\u0103 satisfacerea nevoilor popula\u021biei de medicamente eficiente de \u00eenalt\u0103 calitate.<\/p>\n<p>Compania se afl\u0103 \u00eentr-un proces continuu de consolidare a produselor existente prin r\u0103sp\u00e2ndirea m\u0103rcii, dezvoltarea de noi produse pe baza cercet\u0103rii \u0219i deschiderea de noi pie\u021be. Prin prezentarea cu succes a statutului s\u0103u de asocia\u021bie de produc\u021bie modern\u0103, compania a primit certificatul GMP, precum \u0219i ISO 9001-2008, ISO 14000, ISO 22000 \u0219i certificatele CE. Toate faptele prezentate \u00een totalitatea lor au permis companiei \u201dHerbion\u201d s\u0103 construiasc\u0103 o rela\u021bie de \u00eencredere cu milioane de consumatori recunosc\u0103tori din \u00eentreaga lume \u0219i s\u0103 devin\u0103 o companie care este sinonim\u0103 cu fidelitatea, fiabilitatea \u0219i bun\u0103starea.<\/p>\n","protected":false},"excerpt":{"rendered":"<p>Herbion International este o companie farmaceutic\u0103 \u00een plin\u0103 expansiune, care a fost \u00eenfiin\u021bat\u0103 \u00een 1983 \u0219i se concentreaz\u0103 pe cercetarea<\/p>\n","protected":false},"author":1,"featured_media":1224,"parent":0,"menu_order":0,"comment_status":"closed","ping_status":"closed","template":"","meta":[],"_links":{"self":[{"href":"https:\/\/md.herbion.com\/ro\/wp-json\/wp\/v2\/pages\/810"}],"collection":[{"href":"https:\/\/md.herbion.com\/ro\/wp-json\/wp\/v2\/pages"}],"about":[{"href":"https:\/\/md.herbion.com\/ro\/wp-json\/wp\/v2\/types\/page"}],"author":[{"embeddable":true,"href":"https:\/\/md.herbion.com\/ro\/wp-json\/wp\/v2\/users\/1"}],"replies":[{"embeddable":true,"href":"https:\/\/md.herbion.com\/ro\/wp-json\/wp\/v2\/comments?post=810"}],"version-history":[{"count":1,"href":"https:\/\/md.herbion.com\/ro\/wp-json\/wp\/v2\/pages\/810\/revisions"}],"predecessor-version":[{"id":811,"href":"https:\/\/md.herbion.com\/ro\/wp-json\/wp\/v2\/pages\/810\/revisions\/811"}],"wp:featuredmedia":[{"embeddable":true,"href":"https:\/\/md.herbion.com\/ro\/wp-json\/wp\/v2\/media\/1224"}],"wp:attachment":[{"href":"https:\/\/md.herbion.com\/ro\/wp-json\/wp\/v2\/media?parent=810"}],"curies":[{"name":"wp","href":"https:\/\/api.w.org\/{rel}","templated":true}]}}